{"id":3,"date":"2024-04-20T01:53:22","date_gmt":"2024-04-20T01:53:22","guid":{"rendered":"https:\/\/reviews.venta.social\/?page_id=3"},"modified":"2024-06-24T10:12:44","modified_gmt":"2024-06-24T16:12:44","slug":"privacy-policy","status":"publish","type":"page","link":"https:\/\/reviews.venta.social\/en\/privacy-policy\/","title":{"rendered":"Privacy Policy"},"content":{"rendered":"<div data-elementor-type=\"wp-page\" data-elementor-id=\"3\" class=\"elementor elementor-3\" data-elementor-post-type=\"page\">\n\t\t\t\t<div data-particle_enable=\"false\" data-particle-mobile-disabled=\"false\" class=\"elementor-element elementor-element-66766a8 e-con-full e-flex e-con e-parent\" data-id=\"66766a8\" data-element_type=\"container\" data-e-type=\"container\" data-settings=\"{&quot;background_background&quot;:&quot;classic&quot;}\">\n\t\t\t\t<\/div>\n\t\t<div data-particle_enable=\"false\" data-particle-mobile-disabled=\"false\" class=\"elementor-element elementor-element-1b797b3d e-flex e-con-boxed e-con e-parent\" data-id=\"1b797b3d\" data-element_type=\"container\" data-e-type=\"container\">\n\t\t\t\t\t<div class=\"e-con-inner\">\n\t\t\t\t<div class=\"elementor-element elementor-element-98c5205 elementor-widget elementor-widget-heading\" data-id=\"98c5205\" data-element_type=\"widget\" data-e-type=\"widget\" data-widget_type=\"heading.default\">\n\t\t\t\t<div class=\"elementor-widget-container\">\n\t\t\t\t\t<h2 class=\"elementor-heading-title elementor-size-default\">Pol\u00edtica de Privacidad<\/h2>\t\t\t\t<\/div>\n\t\t\t\t<\/div>\n\t\t\t\t<div class=\"elementor-element elementor-element-645ec50a elementor-widget elementor-widget-text-editor\" data-id=\"645ec50a\" data-element_type=\"widget\" data-e-type=\"widget\" data-widget_type=\"text-editor.default\">\n\t\t\t\t<div class=\"elementor-widget-container\">\n\t\t\t\t\t\t\t\t\t<p><strong>Mercadotecnia con Lealtad S.A. de C.V.<\/strong>, con domicilio en Av. Gonzalitos Sur 280, Col. San Jer\u00f3nimo.<br \/>Monterrey, NL. M\u00e9xico. CP. 64640, y en el portal de internet bajo el dominio https:\/\/reviews.venta.social o https:\/\/mas.reviews, es el responsable del uso y protecci\u00f3n de sus datos personales, y al respecto le informamos lo siguiente:<\/p>\n<p><strong>\u00bfQu\u00e9 informaci\u00f3n recabamos?<\/strong><br \/>Los Datos Personales que usted proporcione a trav\u00e9s de este website o directamente en nuestro negocio, mediante la utilizaci\u00f3n de nuestros servicios en l\u00ednea, por escrito y\/o v\u00eda telef\u00f3nica, pueden ser los siguientes:<br \/>Nombre, RFC, CURP, Lugar de nacimiento, Nacionalidad, Domicilio, Tel\u00e9fono particular, Tel\u00e9fono celular, Correo electr\u00f3nico, Domicilio de trabajo, Correo electr\u00f3nico institucional, p\u00e1gina personal de Linkedin, contrase\u00f1a de l\u00ednkedin, visitas y comportamiento dentro de nuestro sitio web y sus elementos electr\u00f3nicos.<\/p>\n<p><strong>\u00bfPara qu\u00e9 fines podr\u00edamos utilizar sus datos personales?<\/strong><br \/>Utilizaremos su informaci\u00f3n personal para las siguientes finalidades que nos permiten y facilitan brindarle una mejor atenci\u00f3n:<\/p>\n<ul>\n<li>Fines de identificaci\u00f3n y de verificaci\u00f3n.<\/li>\n<li>Contacto, Mercadotecnia y\/o Publicidad.<\/li>\n<li>Ofrecer nuestros productos y\/o servicios.<\/li>\n<li>Participaci\u00f3n en promociones y concursos.<\/li>\n<li>Proveer productos y\/o servicios requeridos por usted.<\/li>\n<li>Informar sobre cambios o nuevos productos o servicios ofrecidos.<\/li>\n<li>Evaluar la calidad del servicio.<\/li>\n<li>Identificar historial o h\u00e1bitos de consumo.<\/li>\n<li>Proveer el servicio de campa\u00f1as de contacto y promoci\u00f3n a trav\u00e9s de la p\u00e1gina personal de Linkedin.<\/li>\n<\/ul>\n<p><strong>\u00bfCon qui\u00e9n compartimos sus Datos Personales?<\/strong><br \/>Solamente con la finalidad de proveer nuestros servicios de promoci\u00f3n a trav\u00e9s de Linkedin, podemos transferir sus Datos Personales a terceros nacionales o extranjeros, a empresas subsidiarias y afiliadas; proveedores de servicios para actividades de promoci\u00f3n y comercializaci\u00f3n de nuestros productos y servicios; o por requerimiento de una autoridad. Se entiende que ha otorgado su consentimiento a la transferencia de sus Datos Personales, si no manifiesta oposici\u00f3n a que los mismos sean transferidos.<br \/>Los Datos Personales que usted proporciona, pueden compilarse y fijarse en una base de datos propiedad exclusiva de <b>Mercadotecnia con Lealtad SA de CV<\/b>\u00a0la cual no es responsable respecto al contenido y pol\u00edticas de privacidad de empresas terceras.<\/p>\n<p><strong>\u00bfC\u00f3mo puede acceder, rectificar o cancelar sus datos personales, u oponerse a su uso?<\/strong><br \/>Usted tiene derecho a conocer qu\u00e9 datos personales tenemos de usted, para qu\u00e9 los utilizamos y las condiciones del uso que les damos (Acceso). Asimismo, es su derecho solicitar la correcci\u00f3n de su informaci\u00f3n personal en caso de que est\u00e9 desactualizada, sea inexacta o incompleta (Rectificaci\u00f3n); que la eliminemos de nuestros registros o bases de datos cuando considere que la misma no est\u00e1 siendo utilizada adecuadamente (Cancelaci\u00f3n); as\u00ed como oponerse al uso de sus datos personales para fines espec\u00edficos (Oposici\u00f3n). Estos derechos se conocen como derechos ARCO. Para el ejercicio de cualquiera de los derechos ARCO, usted deber\u00e1 presentar la solicitud respectiva a trav\u00e9s del siguiente medio:<\/p>\n<p>Enviando un correo electr\u00f3nico a la cuenta jorge@reviews.venta.social<\/p>\n<p>Para conocer el procedimiento y requisitos para el ejercicio de los derechos ARCO, ponemos a su disposici\u00f3n el siguiente medio: En el n\u00famero telef\u00f3nico de la oficina.<\/p>\n<p>Los datos de contacto de la persona o departamento de datos personales, que est\u00e1 a cargo de dar tr\u00e1mite a las solicitudes de derechos ARCO, son los siguientes:<\/p>\n<ul>\n<li>a) Atenci\u00f3n a: JORGE ALBERTO GARCIA MARTINEZ<\/li>\n<li>b) Domicilio: Av. Gonzalitos Sur 280, Col. San Jer\u00f3nimo.<br \/>Monterrey, NL. M\u00e9xico. CP.\u00a064020<\/li>\n<li>c) Correo electr\u00f3nico: jorge@venta.social<\/li>\n<li>d) N\u00famero telef\u00f3nico:\u00a0<strong>+528122095020<\/strong><\/li>\n<\/ul>\n<p><strong>Usted puede revocar su consentimiento para el uso de sus datos personales<\/strong><br \/>Usted puede revocar el consentimiento que, en su caso, nos haya otorgado para el tratamiento de sus datos personales. Sin embargo, es importante que tenga en cuenta que no en todos los casos podremos atender su solicitud o concluir el uso de forma inmediata, ya que es posible que por alguna obligaci\u00f3n legal requiramos seguir tratando sus datos personales. Asimismo, usted deber\u00e1 considerar que para ciertos fines, la revocaci\u00f3n de su consentimiento implicar\u00e1 que no le podamos seguir prestando el servicio que nos solicit\u00f3, o la conclusi\u00f3n de su relaci\u00f3n con nosotros.<\/p>\n<p><strong>Para revocar su consentimiento deber\u00e1 presentar su solicitud a trav\u00e9s del siguiente medio:<\/strong><br \/>correo electr\u00f3nico<br \/>jorge@reviews.venta.social<\/p>\n<p><strong>\u00bfC\u00f3mo puede conocer los cambios en este aviso de privacidad?<\/strong><br \/>El presente aviso de privacidad puede sufrir modificaciones, cambios o actualizaciones derivadas de nuevos requerimientos legales; de nuestras propias necesidades por los productos o servicios que ofrecemos; de nuestras pr\u00e1cticas de privacidad; de cambios en nuestro modelo de negocio, o por otras causas. Nos comprometemos a mantenerlo informado sobre los cambios que pueda sufrir el presente aviso de privacidad, a trav\u00e9s de: la publicaci\u00f3n en nuestra pagina de internet: https:\/\/reviews.venta.social o https:\/\/mas.reviews<\/p>\n<p><em style=\"font-size: 16px;\">\u00daltima actualizaci\u00f3n: 20 de Mayo 2024<\/em><\/p>\t\t\t\t\t\t\t\t<\/div>\n\t\t\t\t<\/div>\n\t\t\t\t\t<\/div>\n\t\t\t\t<\/div>\n\t\t\t\t<\/div>","protected":false},"excerpt":{"rendered":"<p>Pol\u00edtica de Privacidad Mercadotecnia con Lealtad S.A. de C.V., con domicilio en Av. Gonzalitos Sur 280, Col. San Jer\u00f3nimo.Monterrey, NL. M\u00e9xico. CP. 64640, y en el portal de internet bajo el dominio https:\/\/reviews.venta.social o https:\/\/mas.reviews, es el responsable del uso y protecci\u00f3n de sus datos personales, y al respecto le informamos lo siguiente: \u00bfQu\u00e9 informaci\u00f3n [&hellip;]<\/p>\n","protected":false},"author":1,"featured_media":0,"parent":0,"menu_order":0,"comment_status":"closed","ping_status":"closed","template":"elementor_header_footer","meta":{"site-sidebar-layout":"default","site-content-layout":"","ast-site-content-layout":"default","site-content-style":"default","site-sidebar-style":"default","ast-global-header-display":"","ast-banner-title-visibility":"","ast-main-header-display":"","ast-hfb-above-header-display":"","ast-hfb-below-header-display":"","ast-hfb-mobile-header-display":"","site-post-title":"","ast-breadcrumbs-content":"","ast-featured-img":"","footer-sml-layout":"","ast-disable-related-posts":"","theme-transparent-header-meta":"","adv-header-id-meta":"","stick-header-meta":"","header-above-stick-meta":"","header-main-stick-meta":"","header-below-stick-meta":"","astra-migrate-meta-layouts":"set","ast-page-background-enabled":"default","ast-page-background-meta":{"desktop":{"background-color":"","background-image":"","background-repeat":"repeat","background-position":"center center","background-size":"auto","background-attachment":"scroll","background-type":"","background-media":"","overlay-type":"","overlay-color":"","overlay-opacity":"","overlay-gradient":""},"tablet":{"background-color":"","background-image":"","background-repeat":"repeat","background-position":"center center","background-size":"auto","background-attachment":"scroll","background-type":"","background-media":"","overlay-type":"","overlay-color":"","overlay-opacity":"","overlay-gradient":""},"mobile":{"background-color":"","background-image":"","background-repeat":"repeat","background-position":"center center","background-size":"auto","background-attachment":"scroll","background-type":"","background-media":"","overlay-type":"","overlay-color":"","overlay-opacity":"","overlay-gradient":""}},"ast-content-background-meta":{"desktop":{"background-color":"var(--ast-global-color-5)","background-image":"","background-repeat":"repeat","background-position":"center center","background-size":"auto","background-attachment":"scroll","background-type":"","background-media":"","overlay-type":"","overlay-color":"","overlay-opacity":"","overlay-gradient":""},"tablet":{"background-color":"var(--ast-global-color-5)","background-image":"","background-repeat":"repeat","background-position":"center center","background-size":"auto","background-attachment":"scroll","background-type":"","background-media":"","overlay-type":"","overlay-color":"","overlay-opacity":"","overlay-gradient":""},"mobile":{"background-color":"var(--ast-global-color-5)","background-image":"","background-repeat":"repeat","background-position":"center center","background-size":"auto","background-attachment":"scroll","background-type":"","background-media":"","overlay-type":"","overlay-color":"","overlay-opacity":"","overlay-gradient":""}},"footnotes":""},"class_list":["post-3","page","type-page","status-publish","hentry"],"_links":{"self":[{"href":"https:\/\/reviews.venta.social\/en\/wp-json\/wp\/v2\/pages\/3","targetHints":{"allow":["GET"]}}],"collection":[{"href":"https:\/\/reviews.venta.social\/en\/wp-json\/wp\/v2\/pages"}],"about":[{"href":"https:\/\/reviews.venta.social\/en\/wp-json\/wp\/v2\/types\/page"}],"author":[{"embeddable":true,"href":"https:\/\/reviews.venta.social\/en\/wp-json\/wp\/v2\/users\/1"}],"replies":[{"embeddable":true,"href":"https:\/\/reviews.venta.social\/en\/wp-json\/wp\/v2\/comments?post=3"}],"version-history":[{"count":28,"href":"https:\/\/reviews.venta.social\/en\/wp-json\/wp\/v2\/pages\/3\/revisions"}],"predecessor-version":[{"id":2947,"href":"https:\/\/reviews.venta.social\/en\/wp-json\/wp\/v2\/pages\/3\/revisions\/2947"}],"wp:attachment":[{"href":"https:\/\/reviews.venta.social\/en\/wp-json\/wp\/v2\/media?parent=3"}],"curies":[{"name":"wp","href":"https:\/\/api.w.org\/{rel}","templated":true}]}}